{"id":687,"date":"2019-04-27T16:46:14","date_gmt":"2019-04-27T16:46:14","guid":{"rendered":"http:\/\/szandi.eu\/aktualis\/?page_id=687"},"modified":"2024-01-11T14:13:17","modified_gmt":"2024-01-11T14:13:17","slug":"sajtofotok","status":"publish","type":"page","link":"https:\/\/szandi.eu\/aktualis\/sajtofotok\/","title":{"rendered":"Sajt\u00f3fot\u00f3k"},"content":{"rendered":"\t\t<div data-elementor-type=\"wp-post\" data-elementor-id=\"687\" class=\"elementor elementor-687\">\n\t\t\t\t\t\t\t\t\t<section class=\"elementor-section elementor-top-section elementor-element elementor-element-9ac4b90 elementor-section-content-middle elementor-section-boxed elementor-section-height-default elementor-section-height-default\" data-id=\"9ac4b90\" data-element_type=\"section\" data-settings=\"{&quot;background_background&quot;:&quot;classic&quot;}\">\n\t\t\t\t\t\t\t<div class=\"elementor-background-overlay\"><\/div>\n\t\t\t\t\t\t\t<div class=\"elementor-container elementor-column-gap-no\">\n\t\t\t\t\t<div class=\"elementor-column elementor-col-100 elementor-top-column elementor-element elementor-element-7f47f87\" data-id=\"7f47f87\" data-element_type=\"column\">\n\t\t\t<div class=\"elementor-widget-wrap elementor-element-populated\">\n\t\t\t\t\t\t\t\t<div class=\"elementor-element elementor-element-57ddaf8 elementor-invisible elementor-widget elementor-widget-heading\" data-id=\"57ddaf8\" data-element_type=\"widget\" data-settings=\"{&quot;_animation&quot;:&quot;fadeIn&quot;}\" data-widget_type=\"heading.default\">\n\t\t\t\t<div class=\"elementor-widget-container\">\n\t\t\t<h2 class=\"elementor-heading-title elementor-size-large\">SAJT\u00d3FOT\u00d3K<\/h2>\t\t<\/div>\n\t\t\t\t<\/div>\n\t\t\t\t<div class=\"elementor-element elementor-element-6b1763a elementor-widget elementor-widget-spacer\" data-id=\"6b1763a\" data-element_type=\"widget\" data-widget_type=\"spacer.default\">\n\t\t\t\t<div class=\"elementor-widget-container\">\n\t\t\t\t\t<div class=\"elementor-spacer\">\n\t\t\t<div class=\"elementor-spacer-inner\"><\/div>\n\t\t<\/div>\n\t\t\t\t<\/div>\n\t\t\t\t<\/div>\n\t\t\t\t<section class=\"elementor-section elementor-inner-section elementor-element elementor-element-1386a45 elementor-section-boxed elementor-section-height-default elementor-section-height-default\" data-id=\"1386a45\" data-element_type=\"section\">\n\t\t\t\t\t\t<div class=\"elementor-container elementor-column-gap-no\">\n\t\t\t\t\t<div class=\"elementor-column elementor-col-50 elementor-inner-column elementor-element elementor-element-6259563\" data-id=\"6259563\" data-element_type=\"column\">\n\t\t\t<div class=\"elementor-widget-wrap elementor-element-populated\">\n\t\t\t\t\t\t\t\t<div class=\"elementor-element elementor-element-18d9720 elementor-widget elementor-widget-image\" data-id=\"18d9720\" data-element_type=\"widget\" data-widget_type=\"image.default\">\n\t\t\t\t<div class=\"elementor-widget-container\">\n\t\t\t\t\t\t\t\t\t\t\t\t\t\t\t\t<a href=\"https:\/\/szandi.eu\/aktualis\/wp-content\/uploads\/2022\/10\/szandi_03-scaled.jpg\" data-elementor-open-lightbox=\"yes\" data-elementor-lightbox-title=\"szandi_03\" data-e-action-hash=\"#elementor-action%3Aaction%3Dlightbox%26settings%3DeyJpZCI6MTg2OSwidXJsIjoiaHR0cHM6XC9cL3N6YW5kaS5ldVwvYWt0dWFsaXNcL3dwLWNvbnRlbnRcL3VwbG9hZHNcLzIwMjJcLzEwXC9zemFuZGlfMDMtc2NhbGVkLmpwZyJ9\">\n\t\t\t\t\t\t\t<img fetchpriority=\"high\" decoding=\"async\" width=\"1714\" height=\"2560\" src=\"https:\/\/szandi.eu\/aktualis\/wp-content\/uploads\/2022\/10\/szandi_03-scaled.jpg\" class=\"elementor-animation-shrink attachment-full size-full wp-image-1869\" alt=\"\" srcset=\"https:\/\/szandi.eu\/aktualis\/wp-content\/uploads\/2022\/10\/szandi_03-scaled.jpg 1714w, https:\/\/szandi.eu\/aktualis\/wp-content\/uploads\/2022\/10\/szandi_03-201x300.jpg 201w, https:\/\/szandi.eu\/aktualis\/wp-content\/uploads\/2022\/10\/szandi_03-686x1024.jpg 686w, https:\/\/szandi.eu\/aktualis\/wp-content\/uploads\/2022\/10\/szandi_03-768x1147.jpg 768w, https:\/\/szandi.eu\/aktualis\/wp-content\/uploads\/2022\/10\/szandi_03-1029x1536.jpg 1029w, https:\/\/szandi.eu\/aktualis\/wp-content\/uploads\/2022\/10\/szandi_03-1372x2048.jpg 1372w\" sizes=\"(max-width: 1714px) 100vw, 1714px\" \/>\t\t\t\t\t\t\t\t<\/a>\n\t\t\t\t\t\t\t\t\t\t\t\t\t\t\t<\/div>\n\t\t\t\t<\/div>\n\t\t\t\t<div class=\"elementor-element elementor-element-15795cc elementor-widget elementor-widget-image\" data-id=\"15795cc\" data-element_type=\"widget\" data-widget_type=\"image.default\">\n\t\t\t\t<div class=\"elementor-widget-container\">\n\t\t\t\t\t\t\t\t\t\t\t\t\t\t\t\t<a href=\"http:\/\/szandi.eu\/aktualis\/wp-content\/uploads\/2021\/01\/Szandi_1_ok1-scaled.jpg\" data-elementor-open-lightbox=\"yes\" data-elementor-lightbox-title=\"Szandi_1_ok1\" data-e-action-hash=\"#elementor-action%3Aaction%3Dlightbox%26settings%3DeyJpZCI6MTA4NywidXJsIjoiaHR0cHM6XC9cL3N6YW5kaS5ldVwvYWt0dWFsaXNcL3dwLWNvbnRlbnRcL3VwbG9hZHNcLzIwMjFcLzAxXC9TemFuZGlfMV9vazEtc2NhbGVkLmpwZyJ9\">\n\t\t\t\t\t\t\t<img decoding=\"async\" width=\"1709\" height=\"2560\" src=\"https:\/\/szandi.eu\/aktualis\/wp-content\/uploads\/2021\/01\/Szandi_1_ok1-scaled.jpg\" class=\"elementor-animation-shrink attachment-full size-full wp-image-1087\" alt=\"\" srcset=\"https:\/\/szandi.eu\/aktualis\/wp-content\/uploads\/2021\/01\/Szandi_1_ok1-scaled.jpg 1709w, https:\/\/szandi.eu\/aktualis\/wp-content\/uploads\/2021\/01\/Szandi_1_ok1-200x300.jpg 200w, https:\/\/szandi.eu\/aktualis\/wp-content\/uploads\/2021\/01\/Szandi_1_ok1-684x1024.jpg 684w, https:\/\/szandi.eu\/aktualis\/wp-content\/uploads\/2021\/01\/Szandi_1_ok1-768x1150.jpg 768w, https:\/\/szandi.eu\/aktualis\/wp-content\/uploads\/2021\/01\/Szandi_1_ok1-1025x1536.jpg 1025w, https:\/\/szandi.eu\/aktualis\/wp-content\/uploads\/2021\/01\/Szandi_1_ok1-1367x2048.jpg 1367w\" sizes=\"(max-width: 1709px) 100vw, 1709px\" \/>\t\t\t\t\t\t\t\t<\/a>\n\t\t\t\t\t\t\t\t\t\t\t\t\t\t\t<\/div>\n\t\t\t\t<\/div>\n\t\t\t\t\t<\/div>\n\t\t<\/div>\n\t\t\t\t<div class=\"elementor-column elementor-col-50 elementor-inner-column elementor-element elementor-element-d4ed3b4\" data-id=\"d4ed3b4\" data-element_type=\"column\">\n\t\t\t<div class=\"elementor-widget-wrap elementor-element-populated\">\n\t\t\t\t\t\t\t\t<div class=\"elementor-element elementor-element-5979559 elementor-widget elementor-widget-image\" data-id=\"5979559\" data-element_type=\"widget\" data-widget_type=\"image.default\">\n\t\t\t\t<div class=\"elementor-widget-container\">\n\t\t\t\t\t\t\t\t\t\t\t\t\t\t\t\t<a href=\"https:\/\/szandi.eu\/aktualis\/wp-content\/uploads\/2022\/10\/Szandi_2022-scaled.jpg\" data-elementor-open-lightbox=\"yes\" data-elementor-lightbox-title=\"Szandi_2022\" data-e-action-hash=\"#elementor-action%3Aaction%3Dlightbox%26settings%3DeyJpZCI6MTg2NywidXJsIjoiaHR0cHM6XC9cL3N6YW5kaS5ldVwvYWt0dWFsaXNcL3dwLWNvbnRlbnRcL3VwbG9hZHNcLzIwMjJcLzEwXC9TemFuZGlfMjAyMi1zY2FsZWQuanBnIn0%3D\">\n\t\t\t\t\t\t\t<img decoding=\"async\" width=\"1818\" height=\"2560\" src=\"https:\/\/szandi.eu\/aktualis\/wp-content\/uploads\/2022\/10\/Szandi_2022-scaled.jpg\" class=\"elementor-animation-shrink attachment-full size-full wp-image-1867\" alt=\"\" srcset=\"https:\/\/szandi.eu\/aktualis\/wp-content\/uploads\/2022\/10\/Szandi_2022-scaled.jpg 1818w, https:\/\/szandi.eu\/aktualis\/wp-content\/uploads\/2022\/10\/Szandi_2022-213x300.jpg 213w, https:\/\/szandi.eu\/aktualis\/wp-content\/uploads\/2022\/10\/Szandi_2022-727x1024.jpg 727w, https:\/\/szandi.eu\/aktualis\/wp-content\/uploads\/2022\/10\/Szandi_2022-768x1081.jpg 768w, https:\/\/szandi.eu\/aktualis\/wp-content\/uploads\/2022\/10\/Szandi_2022-1091x1536.jpg 1091w, https:\/\/szandi.eu\/aktualis\/wp-content\/uploads\/2022\/10\/Szandi_2022-1455x2048.jpg 1455w\" sizes=\"(max-width: 1818px) 100vw, 1818px\" \/>\t\t\t\t\t\t\t\t<\/a>\n\t\t\t\t\t\t\t\t\t\t\t\t\t\t\t<\/div>\n\t\t\t\t<\/div>\n\t\t\t\t<div class=\"elementor-element elementor-element-031dcdb elementor-widget elementor-widget-image\" data-id=\"031dcdb\" data-element_type=\"widget\" data-widget_type=\"image.default\">\n\t\t\t\t<div class=\"elementor-widget-container\">\n\t\t\t\t\t\t\t\t\t\t\t\t\t\t\t\t<a href=\"http:\/\/szandi.eu\/aktualis\/wp-content\/uploads\/2019\/04\/Szandi_2.jpg\" data-elementor-open-lightbox=\"yes\" data-elementor-lightbox-title=\"Szandi_2\" data-e-action-hash=\"#elementor-action%3Aaction%3Dlightbox%26settings%3DeyJpZCI6NzI5LCJ1cmwiOiJodHRwczpcL1wvc3phbmRpLmV1XC9ha3R1YWxpc1wvd3AtY29udGVudFwvdXBsb2Fkc1wvMjAxOVwvMDRcL1N6YW5kaV8yLmpwZyJ9\">\n\t\t\t\t\t\t\t<img loading=\"lazy\" decoding=\"async\" width=\"3933\" height=\"5900\" src=\"https:\/\/szandi.eu\/aktualis\/wp-content\/uploads\/2019\/04\/Szandi_2.jpg\" class=\"elementor-animation-shrink attachment-full size-full wp-image-729\" alt=\"\" srcset=\"https:\/\/szandi.eu\/aktualis\/wp-content\/uploads\/2019\/04\/Szandi_2.jpg 3933w, https:\/\/szandi.eu\/aktualis\/wp-content\/uploads\/2019\/04\/Szandi_2-200x300.jpg 200w, https:\/\/szandi.eu\/aktualis\/wp-content\/uploads\/2019\/04\/Szandi_2-768x1152.jpg 768w, https:\/\/szandi.eu\/aktualis\/wp-content\/uploads\/2019\/04\/Szandi_2-683x1024.jpg 683w\" sizes=\"(max-width: 3933px) 100vw, 3933px\" \/>\t\t\t\t\t\t\t\t<\/a>\n\t\t\t\t\t\t\t\t\t\t\t\t\t\t\t<\/div>\n\t\t\t\t<\/div>\n\t\t\t\t\t<\/div>\n\t\t<\/div>\n\t\t\t\t\t\t\t<\/div>\n\t\t<\/section>\n\t\t\t\t<section class=\"elementor-section elementor-inner-section elementor-element elementor-element-9a28d70 elementor-section-boxed elementor-section-height-default elementor-section-height-default\" data-id=\"9a28d70\" data-element_type=\"section\">\n\t\t\t\t\t\t<div class=\"elementor-container elementor-column-gap-no\">\n\t\t\t\t\t<div class=\"elementor-column elementor-col-33 elementor-inner-column elementor-element elementor-element-839f05a\" data-id=\"839f05a\" data-element_type=\"column\">\n\t\t\t<div class=\"elementor-widget-wrap\">\n\t\t\t\t\t\t\t\t\t<\/div>\n\t\t<\/div>\n\t\t\t\t<div class=\"elementor-column elementor-col-33 elementor-inner-column elementor-element elementor-element-c61de2b\" data-id=\"c61de2b\" data-element_type=\"column\">\n\t\t\t<div class=\"elementor-widget-wrap\">\n\t\t\t\t\t\t\t\t\t<\/div>\n\t\t<\/div>\n\t\t\t\t<div class=\"elementor-column elementor-col-33 elementor-inner-column elementor-element elementor-element-90babea\" data-id=\"90babea\" data-element_type=\"column\">\n\t\t\t<div class=\"elementor-widget-wrap\">\n\t\t\t\t\t\t\t\t\t<\/div>\n\t\t<\/div>\n\t\t\t\t\t\t\t<\/div>\n\t\t<\/section>\n\t\t\t\t\t<\/div>\n\t\t<\/div>\n\t\t\t\t\t\t\t<\/div>\n\t\t<\/section>\n\t\t\t\t<section class=\"elementor-section elementor-top-section elementor-element elementor-element-09b60da elementor-section-boxed elementor-section-height-default elementor-section-height-default\" data-id=\"09b60da\" data-element_type=\"section\">\n\t\t\t\t\t\t<div class=\"elementor-container elementor-column-gap-default\">\n\t\t\t\t\t<div class=\"elementor-column elementor-col-100 elementor-top-column elementor-element elementor-element-ea702a0\" data-id=\"ea702a0\" data-element_type=\"column\">\n\t\t\t<div class=\"elementor-widget-wrap elementor-element-populated\">\n\t\t\t\t\t\t\t\t<div class=\"elementor-element elementor-element-a0ca8e8 elementor-widget-divider--view-line elementor-widget elementor-widget-divider\" data-id=\"a0ca8e8\" data-element_type=\"widget\" data-widget_type=\"divider.default\">\n\t\t\t\t<div class=\"elementor-widget-container\">\n\t\t\t\t\t<div class=\"elementor-divider\">\n\t\t\t<span class=\"elementor-divider-separator\">\n\t\t\t\t\t\t<\/span>\n\t\t<\/div>\n\t\t\t\t<\/div>\n\t\t\t\t<\/div>\n\t\t\t\t<div class=\"elementor-element elementor-element-cd78201 elementor-widget elementor-widget-image\" data-id=\"cd78201\" data-element_type=\"widget\" data-widget_type=\"image.default\">\n\t\t\t\t<div class=\"elementor-widget-container\">\n\t\t\t\t\t\t\t\t\t\t\t\t\t\t\t\t<a href=\"http:\/\/szandi.eu\/aktualis\/wp-content\/uploads\/2021\/01\/Szandi_7-scaled.jpg\" data-elementor-open-lightbox=\"yes\" data-elementor-lightbox-title=\"Szandi_7\" data-e-action-hash=\"#elementor-action%3Aaction%3Dlightbox%26settings%3DeyJpZCI6MTA4OSwidXJsIjoiaHR0cHM6XC9cL3N6YW5kaS5ldVwvYWt0dWFsaXNcL3dwLWNvbnRlbnRcL3VwbG9hZHNcLzIwMjFcLzAxXC9TemFuZGlfNy1zY2FsZWQuanBnIn0%3D\">\n\t\t\t\t\t\t\t<img loading=\"lazy\" decoding=\"async\" width=\"2560\" height=\"1706\" src=\"https:\/\/szandi.eu\/aktualis\/wp-content\/uploads\/2021\/01\/Szandi_7-scaled.jpg\" class=\"elementor-animation-shrink attachment-full size-full wp-image-1089\" alt=\"\" srcset=\"https:\/\/szandi.eu\/aktualis\/wp-content\/uploads\/2021\/01\/Szandi_7-scaled.jpg 2560w, https:\/\/szandi.eu\/aktualis\/wp-content\/uploads\/2021\/01\/Szandi_7-300x200.jpg 300w, https:\/\/szandi.eu\/aktualis\/wp-content\/uploads\/2021\/01\/Szandi_7-1024x683.jpg 1024w, https:\/\/szandi.eu\/aktualis\/wp-content\/uploads\/2021\/01\/Szandi_7-768x512.jpg 768w, https:\/\/szandi.eu\/aktualis\/wp-content\/uploads\/2021\/01\/Szandi_7-1536x1024.jpg 1536w, https:\/\/szandi.eu\/aktualis\/wp-content\/uploads\/2021\/01\/Szandi_7-2048x1365.jpg 2048w\" sizes=\"(max-width: 2560px) 100vw, 2560px\" \/>\t\t\t\t\t\t\t\t<\/a>\n\t\t\t\t\t\t\t\t\t\t\t\t\t\t\t<\/div>\n\t\t\t\t<\/div>\n\t\t\t\t\t<\/div>\n\t\t<\/div>\n\t\t\t\t\t\t\t<\/div>\n\t\t<\/section>\n\t\t\t\t\t\t\t<\/div>\n\t\t","protected":false},"excerpt":{"rendered":"<p>SAJT\u00d3FOT\u00d3K<\/p>\n","protected":false},"author":1,"featured_media":0,"parent":0,"menu_order":0,"comment_status":"closed","ping_status":"closed","template":"elementor_header_footer","meta":{"footnotes":""},"yoast_head":"<!-- This site is optimized with the Yoast SEO plugin v21.8 - https:\/\/yoast.com\/wordpress\/plugins\/seo\/ -->\n<title>Sajt\u00f3fot\u00f3k - Szandi<\/title>\n<meta name=\"robots\" content=\"index, follow, max-snippet:-1, max-image-preview:large, max-video-preview:-1\" \/>\n<link rel=\"canonical\" href=\"https:\/\/szandi.eu\/aktualis\/sajtofotok\/\" \/>\n<meta property=\"og:locale\" content=\"hu_HU\" \/>\n<meta property=\"og:type\" content=\"article\" \/>\n<meta property=\"og:title\" content=\"Szandi let\u00f6lthet\u0151 sajt\u00f3fot\u00f3k\" \/>\n<meta property=\"og:description\" content=\"SAJT\u00d3FOT\u00d3K\" \/>\n<meta property=\"og:url\" content=\"https:\/\/szandi.eu\/aktualis\/sajtofotok\/\" \/>\n<meta property=\"og:site_name\" content=\"Szandi\" \/>\n<meta property=\"article:modified_time\" content=\"2024-01-11T14:13:17+00:00\" \/>\n<meta property=\"og:image\" content=\"https:\/\/szandi.eu\/aktualis\/wp-content\/uploads\/2019\/05\/f01.jpg\" \/>\n\t<meta property=\"og:image:width\" content=\"1200\" \/>\n\t<meta property=\"og:image:height\" content=\"630\" \/>\n\t<meta property=\"og:image:type\" content=\"image\/jpeg\" \/>\n<meta name=\"twitter:card\" content=\"summary_large_image\" \/>\n<meta name=\"twitter:label1\" content=\"Becs\u00fclt olvas\u00e1si id\u0151\" \/>\n\t<meta name=\"twitter:data1\" content=\"2 perc\" \/>\n<script type=\"application\/ld+json\" class=\"yoast-schema-graph\">{\"@context\":\"https:\/\/schema.org\",\"@graph\":[{\"@type\":\"WebPage\",\"@id\":\"https:\/\/szandi.eu\/aktualis\/sajtofotok\/\",\"url\":\"https:\/\/szandi.eu\/aktualis\/sajtofotok\/\",\"name\":\"Sajt\u00f3fot\u00f3k - Szandi\",\"isPartOf\":{\"@id\":\"https:\/\/szandi.eu\/aktualis\/#website\"},\"datePublished\":\"2019-04-27T16:46:14+00:00\",\"dateModified\":\"2024-01-11T14:13:17+00:00\",\"breadcrumb\":{\"@id\":\"https:\/\/szandi.eu\/aktualis\/sajtofotok\/#breadcrumb\"},\"inLanguage\":\"hu\",\"potentialAction\":[{\"@type\":\"ReadAction\",\"target\":[\"https:\/\/szandi.eu\/aktualis\/sajtofotok\/\"]}]},{\"@type\":\"BreadcrumbList\",\"@id\":\"https:\/\/szandi.eu\/aktualis\/sajtofotok\/#breadcrumb\",\"itemListElement\":[{\"@type\":\"ListItem\",\"position\":1,\"name\":\"Home\",\"item\":\"https:\/\/szandi.eu\/aktualis\/\"},{\"@type\":\"ListItem\",\"position\":2,\"name\":\"Sajt\u00f3fot\u00f3k\"}]},{\"@type\":\"WebSite\",\"@id\":\"https:\/\/szandi.eu\/aktualis\/#website\",\"url\":\"https:\/\/szandi.eu\/aktualis\/\",\"name\":\"Szandi\",\"description\":\"\",\"potentialAction\":[{\"@type\":\"SearchAction\",\"target\":{\"@type\":\"EntryPoint\",\"urlTemplate\":\"https:\/\/szandi.eu\/aktualis\/?s={search_term_string}\"},\"query-input\":\"required name=search_term_string\"}],\"inLanguage\":\"hu\"}]}<\/script>\n<!-- \/ Yoast SEO plugin. -->","yoast_head_json":{"title":"Sajt\u00f3fot\u00f3k - Szandi","robots":{"index":"index","follow":"follow","max-snippet":"max-snippet:-1","max-image-preview":"max-image-preview:large","max-video-preview":"max-video-preview:-1"},"canonical":"https:\/\/szandi.eu\/aktualis\/sajtofotok\/","og_locale":"hu_HU","og_type":"article","og_title":"Szandi let\u00f6lthet\u0151 sajt\u00f3fot\u00f3k","og_description":"SAJT\u00d3FOT\u00d3K","og_url":"https:\/\/szandi.eu\/aktualis\/sajtofotok\/","og_site_name":"Szandi","article_modified_time":"2024-01-11T14:13:17+00:00","og_image":[{"width":1200,"height":630,"url":"https:\/\/szandi.eu\/aktualis\/wp-content\/uploads\/2019\/05\/f01.jpg","type":"image\/jpeg"}],"twitter_card":"summary_large_image","twitter_misc":{"Becs\u00fclt olvas\u00e1si id\u0151":"2 perc"},"schema":{"@context":"https:\/\/schema.org","@graph":[{"@type":"WebPage","@id":"https:\/\/szandi.eu\/aktualis\/sajtofotok\/","url":"https:\/\/szandi.eu\/aktualis\/sajtofotok\/","name":"Sajt\u00f3fot\u00f3k - Szandi","isPartOf":{"@id":"https:\/\/szandi.eu\/aktualis\/#website"},"datePublished":"2019-04-27T16:46:14+00:00","dateModified":"2024-01-11T14:13:17+00:00","breadcrumb":{"@id":"https:\/\/szandi.eu\/aktualis\/sajtofotok\/#breadcrumb"},"inLanguage":"hu","potentialAction":[{"@type":"ReadAction","target":["https:\/\/szandi.eu\/aktualis\/sajtofotok\/"]}]},{"@type":"BreadcrumbList","@id":"https:\/\/szandi.eu\/aktualis\/sajtofotok\/#breadcrumb","itemListElement":[{"@type":"ListItem","position":1,"name":"Home","item":"https:\/\/szandi.eu\/aktualis\/"},{"@type":"ListItem","position":2,"name":"Sajt\u00f3fot\u00f3k"}]},{"@type":"WebSite","@id":"https:\/\/szandi.eu\/aktualis\/#website","url":"https:\/\/szandi.eu\/aktualis\/","name":"Szandi","description":"","potentialAction":[{"@type":"SearchAction","target":{"@type":"EntryPoint","urlTemplate":"https:\/\/szandi.eu\/aktualis\/?s={search_term_string}"},"query-input":"required name=search_term_string"}],"inLanguage":"hu"}]}},"_links":{"self":[{"href":"https:\/\/szandi.eu\/aktualis\/wp-json\/wp\/v2\/pages\/687"}],"collection":[{"href":"https:\/\/szandi.eu\/aktualis\/wp-json\/wp\/v2\/pages"}],"about":[{"href":"https:\/\/szandi.eu\/aktualis\/wp-json\/wp\/v2\/types\/page"}],"author":[{"embeddable":true,"href":"https:\/\/szandi.eu\/aktualis\/wp-json\/wp\/v2\/users\/1"}],"replies":[{"embeddable":true,"href":"https:\/\/szandi.eu\/aktualis\/wp-json\/wp\/v2\/comments?post=687"}],"version-history":[{"count":27,"href":"https:\/\/szandi.eu\/aktualis\/wp-json\/wp\/v2\/pages\/687\/revisions"}],"predecessor-version":[{"id":2494,"href":"https:\/\/szandi.eu\/aktualis\/wp-json\/wp\/v2\/pages\/687\/revisions\/2494"}],"wp:attachment":[{"href":"https:\/\/szandi.eu\/aktualis\/wp-json\/wp\/v2\/media?parent=687"}],"curies":[{"name":"wp","href":"https:\/\/api.w.org\/{rel}","templated":true}]}}