{"id":508,"date":"2019-04-27T05:04:31","date_gmt":"2019-04-27T05:04:31","guid":{"rendered":"http:\/\/szandi.eu\/aktualis\/?page_id=508"},"modified":"2024-01-11T14:12:41","modified_gmt":"2024-01-11T14:12:41","slug":"maxi-cd-k","status":"publish","type":"page","link":"https:\/\/szandi.eu\/aktualis\/maxi-cd-k\/","title":{"rendered":"Maxi CD-k"},"content":{"rendered":"\t\t<div data-elementor-type=\"wp-post\" data-elementor-id=\"508\" class=\"elementor elementor-508\">\n\t\t\t\t\t\t\t\t\t<section class=\"elementor-section elementor-top-section elementor-element elementor-element-3c9af54c elementor-section-stretched elementor-section-full_width elementor-reverse-tablet elementor-reverse-mobile elementor-section-height-default elementor-section-height-default\" data-id=\"3c9af54c\" data-element_type=\"section\" data-settings=\"{&quot;stretch_section&quot;:&quot;section-stretched&quot;,&quot;background_background&quot;:&quot;classic&quot;}\">\n\t\t\t\t\t\t\t<div class=\"elementor-background-overlay\"><\/div>\n\t\t\t\t\t\t\t<div class=\"elementor-container elementor-column-gap-no\">\n\t\t\t\t\t<div class=\"elementor-column elementor-col-100 elementor-top-column elementor-element elementor-element-57ef1c05\" data-id=\"57ef1c05\" data-element_type=\"column\">\n\t\t\t<div class=\"elementor-widget-wrap elementor-element-populated\">\n\t\t\t\t\t\t\t\t<section class=\"elementor-section elementor-inner-section elementor-element elementor-element-23c4c99f elementor-section-full_width elementor-section-height-default elementor-section-height-default\" data-id=\"23c4c99f\" data-element_type=\"section\">\n\t\t\t\t\t\t<div class=\"elementor-container elementor-column-gap-default\">\n\t\t\t\t\t<div class=\"elementor-column elementor-col-33 elementor-inner-column elementor-element elementor-element-441f4715\" data-id=\"441f4715\" data-element_type=\"column\">\n\t\t\t<div class=\"elementor-widget-wrap elementor-element-populated\">\n\t\t\t\t\t\t\t\t<div class=\"elementor-element elementor-element-3b2e016a animated-fast elementor-invisible elementor-widget elementor-widget-image\" data-id=\"3b2e016a\" data-element_type=\"widget\" data-settings=\"{&quot;_animation&quot;:&quot;fadeInRight&quot;}\" data-widget_type=\"image.default\">\n\t\t\t\t<div class=\"elementor-widget-container\">\n\t\t\t\t\t\t\t\t\t\t\t\t\t\t\t<img fetchpriority=\"high\" decoding=\"async\" width=\"683\" height=\"1024\" src=\"https:\/\/szandi.eu\/aktualis\/wp-content\/uploads\/2019\/04\/maxi-683x1024.png\" class=\"attachment-large size-large wp-image-516\" alt=\"\" srcset=\"https:\/\/szandi.eu\/aktualis\/wp-content\/uploads\/2019\/04\/maxi-683x1024.png 683w, https:\/\/szandi.eu\/aktualis\/wp-content\/uploads\/2019\/04\/maxi-200x300.png 200w, https:\/\/szandi.eu\/aktualis\/wp-content\/uploads\/2019\/04\/maxi-768x1152.png 768w, https:\/\/szandi.eu\/aktualis\/wp-content\/uploads\/2019\/04\/maxi.png 800w\" sizes=\"(max-width: 683px) 100vw, 683px\" \/>\t\t\t\t\t\t\t\t\t\t\t\t\t\t\t<\/div>\n\t\t\t\t<\/div>\n\t\t\t\t\t<\/div>\n\t\t<\/div>\n\t\t\t\t<div class=\"elementor-column elementor-col-33 elementor-inner-column elementor-element elementor-element-2830244b\" data-id=\"2830244b\" data-element_type=\"column\">\n\t\t\t<div class=\"elementor-widget-wrap elementor-element-populated\">\n\t\t\t\t\t\t\t\t<div class=\"elementor-element elementor-element-6e74960 elementor-invisible elementor-widget elementor-widget-image\" data-id=\"6e74960\" data-element_type=\"widget\" data-settings=\"{&quot;_animation&quot;:&quot;fadeInUp&quot;}\" data-widget_type=\"image.default\">\n\t\t\t\t<div class=\"elementor-widget-container\">\n\t\t\t\t\t\t\t\t\t\t\t\t\t\t\t<img decoding=\"async\" width=\"960\" height=\"640\" src=\"https:\/\/szandi.eu\/aktualis\/wp-content\/uploads\/2019\/04\/25.jpg\" class=\"attachment-large size-large wp-image-539\" alt=\"\" srcset=\"https:\/\/szandi.eu\/aktualis\/wp-content\/uploads\/2019\/04\/25.jpg 960w, https:\/\/szandi.eu\/aktualis\/wp-content\/uploads\/2019\/04\/25-300x200.jpg 300w, https:\/\/szandi.eu\/aktualis\/wp-content\/uploads\/2019\/04\/25-768x512.jpg 768w\" sizes=\"(max-width: 960px) 100vw, 960px\" \/>\t\t\t\t\t\t\t\t\t\t\t\t\t\t\t<\/div>\n\t\t\t\t<\/div>\n\t\t\t\t<div class=\"elementor-element elementor-element-5f82f4e1 elementor-widget elementor-widget-heading\" data-id=\"5f82f4e1\" data-element_type=\"widget\" data-widget_type=\"heading.default\">\n\t\t\t\t<div class=\"elementor-widget-container\">\n\t\t\t<h2 class=\"elementor-heading-title elementor-size-default\">MAXI CD-K<\/h2>\t\t<\/div>\n\t\t\t\t<\/div>\n\t\t\t\t<div class=\"elementor-element elementor-element-63925118 elementor-widget elementor-widget-text-editor\" data-id=\"63925118\" data-element_type=\"widget\" data-widget_type=\"text-editor.default\">\n\t\t\t\t<div class=\"elementor-widget-container\">\n\t\t\t\t\t\t\t<p><img decoding=\"async\" class=\"alignnone size-full wp-image-522\" src=\"http:\/\/szandi.eu\/aktualis\/wp-content\/uploads\/2019\/04\/maxi01.jpg\" alt=\"\" width=\"101\" height=\"98\" \/><br \/>J\u00f3dli-dili 1995 maxi cd<\/p><p><img loading=\"lazy\" decoding=\"async\" class=\"alignnone size-full wp-image-521\" src=\"http:\/\/szandi.eu\/aktualis\/wp-content\/uploads\/2019\/04\/bum.jpg\" alt=\"\" width=\"83\" height=\"72\" \/><br \/>Bumer\u00e1ng party 1996 maxi cd<br \/><br \/><img loading=\"lazy\" decoding=\"async\" class=\"alignnone size-full wp-image-523\" src=\"http:\/\/szandi.eu\/aktualis\/wp-content\/uploads\/2019\/04\/maxi03.jpg\" alt=\"\" width=\"101\" height=\"98\" \/><br \/>Yodeling\u2019s On The Scene 1997 maxi cd<br \/><br \/><br \/><img loading=\"lazy\" decoding=\"async\" class=\"alignnone size-full wp-image-524\" src=\"http:\/\/szandi.eu\/aktualis\/wp-content\/uploads\/2019\/04\/maxi04.jpg\" alt=\"\" width=\"101\" height=\"98\" \/><br \/>Azok a sz\u00e9p napok 1998 maxi cd<br \/><br \/><img loading=\"lazy\" decoding=\"async\" class=\"alignnone size-full wp-image-525\" src=\"http:\/\/szandi.eu\/aktualis\/wp-content\/uploads\/2019\/04\/maxi05.jpg\" alt=\"\" width=\"101\" height=\"98\" \/><br \/>V\u00e1r a t\u00e1nc 1999 maxi cd<br \/><br \/><img loading=\"lazy\" decoding=\"async\" class=\"alignnone size-full wp-image-526\" src=\"http:\/\/szandi.eu\/aktualis\/wp-content\/uploads\/2019\/04\/maxi06.jpg\" alt=\"\" width=\"101\" height=\"98\" \/><br \/>D\u00fadold a sz\u00edv dallam\u00e1t 2000 maxi cd<br \/><br \/><img loading=\"lazy\" decoding=\"async\" class=\"alignnone size-full wp-image-527\" src=\"http:\/\/szandi.eu\/aktualis\/wp-content\/uploads\/2019\/04\/maxi07.jpg\" alt=\"\" width=\"101\" height=\"98\" \/><br \/>Minden percem a szerelem\u00e9 2002 maxi cd<br \/><br \/><img loading=\"lazy\" decoding=\"async\" class=\"alignnone size-full wp-image-528\" src=\"http:\/\/szandi.eu\/aktualis\/wp-content\/uploads\/2019\/04\/maxi08.jpg\" alt=\"\" width=\"101\" height=\"98\" \/><br \/>Volt egy t\u0171zsz\u00edn\u0171 ny\u00e1r 2003 maxi cd<br \/><br \/><img loading=\"lazy\" decoding=\"async\" class=\"alignnone  wp-image-403\" src=\"http:\/\/szandi.eu\/aktualis\/wp-content\/uploads\/2019\/04\/a16-300x297.jpg\" alt=\"\" width=\"101\" height=\"100\" srcset=\"https:\/\/szandi.eu\/aktualis\/wp-content\/uploads\/2019\/04\/a16-300x297.jpg 300w, https:\/\/szandi.eu\/aktualis\/wp-content\/uploads\/2019\/04\/a16-150x150.jpg 150w, https:\/\/szandi.eu\/aktualis\/wp-content\/uploads\/2019\/04\/elementor\/thumbs\/a16-o6y7cli4h7q10fjzs7u6n39frvvrj2zisi2kynccls.jpg 200w, https:\/\/szandi.eu\/aktualis\/wp-content\/uploads\/2019\/04\/a16.jpg 345w\" sizes=\"(max-width: 101px) 100vw, 101px\" \/><br \/>T\u00e1rd ki a sz\u00edved 2005 maxi cd<br \/><br \/><img loading=\"lazy\" decoding=\"async\" class=\"alignnone  wp-image-529\" src=\"http:\/\/szandi.eu\/aktualis\/wp-content\/uploads\/2019\/04\/maxi10-300x265.jpg\" alt=\"\" width=\"114\" height=\"100\" srcset=\"https:\/\/szandi.eu\/aktualis\/wp-content\/uploads\/2019\/04\/maxi10-300x265.jpg 300w, https:\/\/szandi.eu\/aktualis\/wp-content\/uploads\/2019\/04\/maxi10.jpg 385w\" sizes=\"(max-width: 114px) 100vw, 114px\" \/><br \/>Szerelmes sz\u00edvek 2006 maxi cd<br \/><br \/><img loading=\"lazy\" decoding=\"async\" class=\"alignnone  wp-image-530\" src=\"http:\/\/szandi.eu\/aktualis\/wp-content\/uploads\/2019\/04\/maxi19-300x261.jpg\" alt=\"\" width=\"113\" height=\"98\" srcset=\"https:\/\/szandi.eu\/aktualis\/wp-content\/uploads\/2019\/04\/maxi19-300x261.jpg 300w, https:\/\/szandi.eu\/aktualis\/wp-content\/uploads\/2019\/04\/maxi19.jpg 391w\" sizes=\"(max-width: 113px) 100vw, 113px\" \/><br \/>V\u00e1ndormad\u00e1r 2009 maxi cd<\/p>\t\t\t\t\t\t<\/div>\n\t\t\t\t<\/div>\n\t\t\t\t\t<\/div>\n\t\t<\/div>\n\t\t\t\t<div class=\"elementor-column elementor-col-33 elementor-inner-column elementor-element elementor-element-7bae3ad5\" data-id=\"7bae3ad5\" data-element_type=\"column\">\n\t\t\t<div class=\"elementor-widget-wrap elementor-element-populated\">\n\t\t\t\t\t\t\t\t<div class=\"elementor-element elementor-element-6082c425 animated-fast elementor-invisible elementor-widget elementor-widget-image\" data-id=\"6082c425\" data-element_type=\"widget\" data-settings=\"{&quot;_animation&quot;:&quot;fadeInLeft&quot;}\" data-widget_type=\"image.default\">\n\t\t\t\t<div class=\"elementor-widget-container\">\n\t\t\t\t\t\t\t\t\t\t\t\t\t\t\t<img loading=\"lazy\" decoding=\"async\" width=\"1400\" height=\"1213\" src=\"https:\/\/szandi.eu\/aktualis\/wp-content\/uploads\/2019\/04\/kulfold.jpg\" class=\"attachment-full size-full wp-image-494\" alt=\"\" srcset=\"https:\/\/szandi.eu\/aktualis\/wp-content\/uploads\/2019\/04\/kulfold.jpg 1400w, https:\/\/szandi.eu\/aktualis\/wp-content\/uploads\/2019\/04\/kulfold-300x260.jpg 300w, https:\/\/szandi.eu\/aktualis\/wp-content\/uploads\/2019\/04\/kulfold-768x665.jpg 768w, https:\/\/szandi.eu\/aktualis\/wp-content\/uploads\/2019\/04\/kulfold-1024x887.jpg 1024w\" sizes=\"(max-width: 1400px) 100vw, 1400px\" \/>\t\t\t\t\t\t\t\t\t\t\t\t\t\t\t<\/div>\n\t\t\t\t<\/div>\n\t\t\t\t\t<\/div>\n\t\t<\/div>\n\t\t\t\t\t\t\t<\/div>\n\t\t<\/section>\n\t\t\t\t\t<\/div>\n\t\t<\/div>\n\t\t\t\t\t\t\t<\/div>\n\t\t<\/section>\n\t\t\t\t<section class=\"elementor-section elementor-top-section elementor-element elementor-element-bba4a4a elementor-section-boxed elementor-section-height-default elementor-section-height-default\" data-id=\"bba4a4a\" data-element_type=\"section\">\n\t\t\t\t\t\t<div class=\"elementor-container elementor-column-gap-default\">\n\t\t\t\t\t<div class=\"elementor-column elementor-col-100 elementor-top-column elementor-element elementor-element-aee5105\" data-id=\"aee5105\" data-element_type=\"column\">\n\t\t\t<div class=\"elementor-widget-wrap elementor-element-populated\">\n\t\t\t\t\t\t\t\t<div class=\"elementor-element elementor-element-6171f0e elementor-widget-divider--view-line elementor-widget elementor-widget-divider\" data-id=\"6171f0e\" data-element_type=\"widget\" data-widget_type=\"divider.default\">\n\t\t\t\t<div class=\"elementor-widget-container\">\n\t\t\t\t\t<div class=\"elementor-divider\">\n\t\t\t<span class=\"elementor-divider-separator\">\n\t\t\t\t\t\t<\/span>\n\t\t<\/div>\n\t\t\t\t<\/div>\n\t\t\t\t<\/div>\n\t\t\t\t\t<\/div>\n\t\t<\/div>\n\t\t\t\t\t\t\t<\/div>\n\t\t<\/section>\n\t\t\t\t\t\t\t<\/div>\n\t\t","protected":false},"excerpt":{"rendered":"<p>MAXI CD-K J\u00f3dli-dili 1995 maxi cd Bumer\u00e1ng party 1996 maxi cd Yodeling\u2019s On The Scene 1997 maxi cd Azok a sz\u00e9p napok 1998 maxi cd V\u00e1r a t\u00e1nc 1999 maxi cd D\u00fadold a sz\u00edv dallam\u00e1t 2000 maxi cd Minden percem a szerelem\u00e9 2002 maxi cd Volt egy t\u0171zsz\u00edn\u0171 ny\u00e1r 2003 maxi cd T\u00e1rd ki a [&hellip;]<\/p>\n","protected":false},"author":1,"featured_media":0,"parent":0,"menu_order":0,"comment_status":"closed","ping_status":"closed","template":"elementor_header_footer","meta":{"footnotes":""},"yoast_head":"<!-- This site is optimized with the Yoast SEO plugin v21.8 - https:\/\/yoast.com\/wordpress\/plugins\/seo\/ -->\n<title>Maxi CD-k - Szandi<\/title>\n<meta name=\"robots\" content=\"index, follow, max-snippet:-1, max-image-preview:large, max-video-preview:-1\" \/>\n<link rel=\"canonical\" href=\"https:\/\/szandi.eu\/aktualis\/maxi-cd-k\/\" \/>\n<meta property=\"og:locale\" content=\"hu_HU\" \/>\n<meta property=\"og:type\" content=\"article\" \/>\n<meta property=\"og:title\" content=\"Szandi maxi CD-k, diszkogr\u00e1fia\" \/>\n<meta property=\"og:description\" content=\"MAXI CD-K J\u00f3dli-dili 1995 maxi cd Bumer\u00e1ng party 1996 maxi cd Yodeling\u2019s On The Scene 1997 maxi cd Azok a sz\u00e9p napok 1998 maxi cd V\u00e1r a t\u00e1nc 1999 maxi cd D\u00fadold a sz\u00edv dallam\u00e1t 2000 maxi cd Minden percem a szerelem\u00e9 2002 maxi cd Volt egy t\u0171zsz\u00edn\u0171 ny\u00e1r 2003 maxi cd T\u00e1rd ki a [&hellip;]\" \/>\n<meta property=\"og:url\" content=\"https:\/\/szandi.eu\/aktualis\/maxi-cd-k\/\" \/>\n<meta property=\"og:site_name\" content=\"Szandi\" \/>\n<meta property=\"article:modified_time\" content=\"2024-01-11T14:12:41+00:00\" \/>\n<meta property=\"og:image\" content=\"https:\/\/szandi.eu\/aktualis\/wp-content\/uploads\/2019\/04\/diszko.jpg\" \/>\n\t<meta property=\"og:image:width\" content=\"1400\" \/>\n\t<meta property=\"og:image:height\" content=\"935\" \/>\n\t<meta property=\"og:image:type\" content=\"image\/jpeg\" \/>\n<meta name=\"twitter:card\" content=\"summary_large_image\" \/>\n<script type=\"application\/ld+json\" class=\"yoast-schema-graph\">{\"@context\":\"https:\/\/schema.org\",\"@graph\":[{\"@type\":\"WebPage\",\"@id\":\"https:\/\/szandi.eu\/aktualis\/maxi-cd-k\/\",\"url\":\"https:\/\/szandi.eu\/aktualis\/maxi-cd-k\/\",\"name\":\"Maxi CD-k - Szandi\",\"isPartOf\":{\"@id\":\"https:\/\/szandi.eu\/aktualis\/#website\"},\"datePublished\":\"2019-04-27T05:04:31+00:00\",\"dateModified\":\"2024-01-11T14:12:41+00:00\",\"breadcrumb\":{\"@id\":\"https:\/\/szandi.eu\/aktualis\/maxi-cd-k\/#breadcrumb\"},\"inLanguage\":\"hu\",\"potentialAction\":[{\"@type\":\"ReadAction\",\"target\":[\"https:\/\/szandi.eu\/aktualis\/maxi-cd-k\/\"]}]},{\"@type\":\"BreadcrumbList\",\"@id\":\"https:\/\/szandi.eu\/aktualis\/maxi-cd-k\/#breadcrumb\",\"itemListElement\":[{\"@type\":\"ListItem\",\"position\":1,\"name\":\"Home\",\"item\":\"https:\/\/szandi.eu\/aktualis\/\"},{\"@type\":\"ListItem\",\"position\":2,\"name\":\"Maxi CD-k\"}]},{\"@type\":\"WebSite\",\"@id\":\"https:\/\/szandi.eu\/aktualis\/#website\",\"url\":\"https:\/\/szandi.eu\/aktualis\/\",\"name\":\"Szandi\",\"description\":\"\",\"potentialAction\":[{\"@type\":\"SearchAction\",\"target\":{\"@type\":\"EntryPoint\",\"urlTemplate\":\"https:\/\/szandi.eu\/aktualis\/?s={search_term_string}\"},\"query-input\":\"required name=search_term_string\"}],\"inLanguage\":\"hu\"}]}<\/script>\n<!-- \/ Yoast SEO plugin. -->","yoast_head_json":{"title":"Maxi CD-k - Szandi","robots":{"index":"index","follow":"follow","max-snippet":"max-snippet:-1","max-image-preview":"max-image-preview:large","max-video-preview":"max-video-preview:-1"},"canonical":"https:\/\/szandi.eu\/aktualis\/maxi-cd-k\/","og_locale":"hu_HU","og_type":"article","og_title":"Szandi maxi CD-k, diszkogr\u00e1fia","og_description":"MAXI CD-K J\u00f3dli-dili 1995 maxi cd Bumer\u00e1ng party 1996 maxi cd Yodeling\u2019s On The Scene 1997 maxi cd Azok a sz\u00e9p napok 1998 maxi cd V\u00e1r a t\u00e1nc 1999 maxi cd D\u00fadold a sz\u00edv dallam\u00e1t 2000 maxi cd Minden percem a szerelem\u00e9 2002 maxi cd Volt egy t\u0171zsz\u00edn\u0171 ny\u00e1r 2003 maxi cd T\u00e1rd ki a [&hellip;]","og_url":"https:\/\/szandi.eu\/aktualis\/maxi-cd-k\/","og_site_name":"Szandi","article_modified_time":"2024-01-11T14:12:41+00:00","og_image":[{"width":1400,"height":935,"url":"https:\/\/szandi.eu\/aktualis\/wp-content\/uploads\/2019\/04\/diszko.jpg","type":"image\/jpeg"}],"twitter_card":"summary_large_image","schema":{"@context":"https:\/\/schema.org","@graph":[{"@type":"WebPage","@id":"https:\/\/szandi.eu\/aktualis\/maxi-cd-k\/","url":"https:\/\/szandi.eu\/aktualis\/maxi-cd-k\/","name":"Maxi CD-k - Szandi","isPartOf":{"@id":"https:\/\/szandi.eu\/aktualis\/#website"},"datePublished":"2019-04-27T05:04:31+00:00","dateModified":"2024-01-11T14:12:41+00:00","breadcrumb":{"@id":"https:\/\/szandi.eu\/aktualis\/maxi-cd-k\/#breadcrumb"},"inLanguage":"hu","potentialAction":[{"@type":"ReadAction","target":["https:\/\/szandi.eu\/aktualis\/maxi-cd-k\/"]}]},{"@type":"BreadcrumbList","@id":"https:\/\/szandi.eu\/aktualis\/maxi-cd-k\/#breadcrumb","itemListElement":[{"@type":"ListItem","position":1,"name":"Home","item":"https:\/\/szandi.eu\/aktualis\/"},{"@type":"ListItem","position":2,"name":"Maxi CD-k"}]},{"@type":"WebSite","@id":"https:\/\/szandi.eu\/aktualis\/#website","url":"https:\/\/szandi.eu\/aktualis\/","name":"Szandi","description":"","potentialAction":[{"@type":"SearchAction","target":{"@type":"EntryPoint","urlTemplate":"https:\/\/szandi.eu\/aktualis\/?s={search_term_string}"},"query-input":"required name=search_term_string"}],"inLanguage":"hu"}]}},"_links":{"self":[{"href":"https:\/\/szandi.eu\/aktualis\/wp-json\/wp\/v2\/pages\/508"}],"collection":[{"href":"https:\/\/szandi.eu\/aktualis\/wp-json\/wp\/v2\/pages"}],"about":[{"href":"https:\/\/szandi.eu\/aktualis\/wp-json\/wp\/v2\/types\/page"}],"author":[{"embeddable":true,"href":"https:\/\/szandi.eu\/aktualis\/wp-json\/wp\/v2\/users\/1"}],"replies":[{"embeddable":true,"href":"https:\/\/szandi.eu\/aktualis\/wp-json\/wp\/v2\/comments?post=508"}],"version-history":[{"count":17,"href":"https:\/\/szandi.eu\/aktualis\/wp-json\/wp\/v2\/pages\/508\/revisions"}],"predecessor-version":[{"id":2488,"href":"https:\/\/szandi.eu\/aktualis\/wp-json\/wp\/v2\/pages\/508\/revisions\/2488"}],"wp:attachment":[{"href":"https:\/\/szandi.eu\/aktualis\/wp-json\/wp\/v2\/media?parent=508"}],"curies":[{"name":"wp","href":"https:\/\/api.w.org\/{rel}","templated":true}]}}