{"id":296,"date":"2019-04-26T09:35:44","date_gmt":"2019-04-26T09:35:44","guid":{"rendered":"http:\/\/szandi.eu\/aktualis\/?page_id=296"},"modified":"2024-01-19T15:56:17","modified_gmt":"2024-01-19T15:56:17","slug":"biografia","status":"publish","type":"page","link":"https:\/\/szandi.eu\/aktualis\/biografia\/","title":{"rendered":"Biogr\u00e1fia"},"content":{"rendered":"\t\t<div data-elementor-type=\"wp-post\" data-elementor-id=\"296\" class=\"elementor elementor-296\">\n\t\t\t\t\t\t\t\t\t<section class=\"elementor-section elementor-top-section elementor-element elementor-element-82cfd06 elementor-section-content-middle elementor-section-stretched elementor-section-full_width elementor-section-height-default elementor-section-height-default\" data-id=\"82cfd06\" data-element_type=\"section\" data-settings=\"{&quot;background_background&quot;:&quot;classic&quot;,&quot;stretch_section&quot;:&quot;section-stretched&quot;}\">\n\t\t\t\t\t\t<div class=\"elementor-container elementor-column-gap-wider\">\n\t\t\t\t\t<div class=\"elementor-column elementor-col-50 elementor-top-column elementor-element elementor-element-326de810\" data-id=\"326de810\" data-element_type=\"column\">\n\t\t\t<div class=\"elementor-widget-wrap elementor-element-populated\">\n\t\t\t\t\t\t\t\t<div class=\"elementor-element elementor-element-38b6e4e3 elementor-widget elementor-widget-heading\" data-id=\"38b6e4e3\" data-element_type=\"widget\" data-widget_type=\"heading.default\">\n\t\t\t\t<div class=\"elementor-widget-container\">\n\t\t\t<h2 class=\"elementor-heading-title elementor-size-default\">Biogr\u00e1fia<\/h2>\t\t<\/div>\n\t\t\t\t<\/div>\n\t\t\t\t\t<\/div>\n\t\t<\/div>\n\t\t\t\t<div class=\"elementor-column elementor-col-50 elementor-top-column elementor-element elementor-element-6a25e3a2\" data-id=\"6a25e3a2\" data-element_type=\"column\">\n\t\t\t<div class=\"elementor-widget-wrap elementor-element-populated\">\n\t\t\t\t\t\t\t\t<section class=\"elementor-section elementor-inner-section elementor-element elementor-element-7e45ea6a elementor-section-boxed elementor-section-height-default elementor-section-height-default\" data-id=\"7e45ea6a\" data-element_type=\"section\" data-settings=\"{&quot;background_background&quot;:&quot;video&quot;}\">\n\t\t\t\t\t\t<div class=\"elementor-container elementor-column-gap-default\">\n\t\t\t\t\t<div class=\"elementor-column elementor-col-100 elementor-inner-column elementor-element elementor-element-655cf5ec\" data-id=\"655cf5ec\" data-element_type=\"column\" data-settings=\"{&quot;background_background&quot;:&quot;classic&quot;}\">\n\t\t\t<div class=\"elementor-widget-wrap elementor-element-populated\">\n\t\t\t\t\t\t\t\t<div class=\"elementor-element elementor-element-5e5ad717 elementor-widget elementor-widget-video\" data-id=\"5e5ad717\" data-element_type=\"widget\" data-settings=\"{&quot;youtube_url&quot;:&quot;https:\\\/\\\/www.youtube.com\\\/watch?v=AnMa5d-kTyA&quot;,&quot;video_type&quot;:&quot;youtube&quot;,&quot;controls&quot;:&quot;yes&quot;}\" data-widget_type=\"video.default\">\n\t\t\t\t<div class=\"elementor-widget-container\">\n\t\t\t\t\t<div class=\"elementor-wrapper elementor-open-inline\">\n\t\t\t<div class=\"elementor-video\"><\/div>\t\t<\/div>\n\t\t\t\t<\/div>\n\t\t\t\t<\/div>\n\t\t\t\t\t<\/div>\n\t\t<\/div>\n\t\t\t\t\t\t\t<\/div>\n\t\t<\/section>\n\t\t\t\t<div class=\"elementor-element elementor-element-1c125545 elementor-widget elementor-widget-text-editor\" data-id=\"1c125545\" data-element_type=\"widget\" data-widget_type=\"text-editor.default\">\n\t\t\t\t<div class=\"elementor-widget-container\">\n\t\t\t\t\t\t\t<p><b>Napjainkig<\/b><br>2000. m\u00e1jus\u00e1ban G\u00f6ncz \u00c1rp\u00e1d K\u00f6zt\u00e1rsas\u00e1gi Eln\u00f6ki Ez\u00fcst \u00c9rmet kapott j\u00f3t\u00e9konys\u00e1gi<br>tev\u00e9kenyked\u00e9s\u00e9\u00e9rt.<br>Az\u00f3ta 9 \u00fajabb albuma jelent meg, a legut\u00f3bbi 2019-ben, Bolond ny\u00e1r \u2013 c\u00edmmel. Ez is aranylemez lett!<br>2009-ben megjelent DVD-n a Szerelmes sz\u00edvek c\u00edm\u0171 mozifilm is.<br>2013-ban a Szt\u00e1rban szt\u00e1r c\u00edm\u0171 TV m\u0171sor legjobb n\u0151i el\u0151ad\u00f3ja, 2013-2014-2015-ben Az \u00e9nek iskol\u00e1ja c\u00edm\u0171 igen<br>n\u00e9pszer\u0171 TV m\u0171sor \u00e1lland\u00f3 szerepl\u0151je, tan\u00e1ra. 2016-ban a Szt\u00e1rban szt\u00e1r + 1 kicsi, 2017-ben a Csak show \u00e9s m\u00e1s semmi m\u0171sorsorozat szerepl\u0151je.&nbsp;<span style=\"font-size: 15px; letter-spacing: 0px;\">2024-ben A Dal c\u00edm\u0171 TV m\u0171sor zs\u0171ritagja.<\/span><\/p>\n<p><br><\/p>\n<p>1999-ben f\u00e9rjhez megy menedzser\u00e9hez \u00e9s zenei mindenes\u00e9hez:<br>Bogd\u00e1n Csab\u00e1hoz. H\u00e1rom gyermek\u00fck: Blanka, Domonkos \u00e9s Csaba.<\/p>\n<p>2008 m\u00e1rcius 15-\u00e9n Nagyk\u00e1ta v\u00e1ros d\u00edszpolg\u00e1ri c\u00edmet adom\u00e1nyozott neki.<\/p>\n<p><b>D\u00cdJAK<\/b><br>1989: Az \u00e9v ig\u00e9rete<br>1990: 2db Emerton d\u00edj \/\u00c9v lemeze, \u00c9v \u00e9nekesn\u0151je\/<br>1990 \u2013 1991 &#8211; 1992: Az \u00e9v \u00e9nekesn\u0151je<br>1991 \u2013 1992: 2db Arany Zsir\u00e1f d\u00edj<br>1991: Arany Eg\u00e9r d\u00edj<br>1992: Victory \u2013 \u00c9letm\u0171 d\u00edj<br>2000: G\u00f6ncz \u00c1rp\u00e1dt\u00f3l K\u00f6zt\u00e1rsas\u00e1gi Eln\u00f6ki Ez\u00fcst \u00c9rmet kapott<br>2008. m\u00e1rcius 15. Nagyk\u00e1ta v\u00e1ros d\u00edszpolg\u00e1ri c\u00edm<\/p>\n<p><b>FILMEK<\/b><br>Filmek<br>1991: Szerelmes sz\u00edvek \/f\u0151szerep\/ Az \u00e9v legn\u00e9zettebb mozifilmje \/1 milli\u00f3 n\u00e9z\u0151\/<br>3 koncert \u00e9s klipp gy\u00fcjtem\u00e9ny vide\u00f3kazetta<br>\/kereskedelmi forgalomban\/<\/p>\n<p><b>SZ\u00cdNH\u00c1Z<\/b><br>1998: Hotel Menthol \/Operett Sz\u00ednh\u00e1z\/ Frufru szerepe<\/p>\n<p><b>K\u00dcLF\u00d6LDI FELL\u00c9P\u00c9SEK<\/b><br>1991: Franciaorsz\u00e1g \/Midem fesztiv\u00e1l\/<br>1992 \u2013 2023: Szlov\u00e1kia<br>1993 \u2013 2023: Jugoszl\u00e1via, Szlov\u00e9nia, Szerbia<br>1994: Kanada, N\u00e9metorsz\u00e1g<br>1996: Mexico<br>1997: Ukrajna<br>1997: Hong Kong \/Midem fesztiv\u00e1l\/<br>1997-2023: Rom\u00e1nia<br>2013 Izrael<br>2015 USA<br>2017 Kanada<\/p>\t\t\t\t\t\t<\/div>\n\t\t\t\t<\/div>\n\t\t\t\t<section class=\"elementor-section elementor-inner-section elementor-element elementor-element-7141ecab elementor-section-boxed elementor-section-height-default elementor-section-height-default\" data-id=\"7141ecab\" data-element_type=\"section\">\n\t\t\t\t\t\t<div class=\"elementor-container elementor-column-gap-default\">\n\t\t\t\t\t<div class=\"elementor-column elementor-col-50 elementor-inner-column elementor-element elementor-element-2297d06e\" data-id=\"2297d06e\" data-element_type=\"column\">\n\t\t\t<div class=\"elementor-widget-wrap elementor-element-populated\">\n\t\t\t\t\t\t\t\t<div class=\"elementor-element elementor-element-3e004688 elementor-widget elementor-widget-text-editor\" data-id=\"3e004688\" data-element_type=\"widget\" data-widget_type=\"text-editor.default\">\n\t\t\t\t<div class=\"elementor-widget-container\">\n\t\t\t\t\t\t\t<p><b>1976 \u2013 1989<\/b><\/p><p>1976 j\u00falius 7.-\u00e9n sz\u00fcletett Budapesten. 12 \u00e9vesen \/1988-ban\/ szerepel a \u201cNyomorultak\u201d \u00e9s<br \/>a \u201cBesti\u00e1k\u201d c\u00edm\u00fc rockoper\u00e1ban a Szegedi Szabadt\u00e9ri J\u00e1t\u00e9kokon.<br \/>Ugyanebben az \u00e9vben benevez a \u201cMini-Tini\u201d pop-\u00e9nekes p\u00e1ly\u00e1zatra, melyet 400 jelentkez\u0151 k\u00f6z\u00fcl<br \/>meg is nyer. F\u00e9l \u00e9v m\u00falva n\u0151v\u00e9re seg\u00edts\u00e9g\u00e9vel elmegy Feny\u0151 Mikl\u00f3shoz, aki meghallgatja,<br \/>p\u00e1rtfog\u00e1s\u00e1ba veszi, \u00e9s hamarosan dalokat is \u00edr neki.<br \/>1989 november\u00e9ben \/13 \u00e9ves kor\u00e1ban\/ jelenik meg els\u0151 albuma : \u201cKicsi l\u00e1ny\u201d c\u00edmmel, s hetek alatt<br \/>270 ezer p\u00e9ld\u00e1nyban fogy el. \u0150 a legfiatalabb magyar platinalemezes el\u0151ad\u00f3.<\/p><p><b>1990 \u2013 1994<\/b><br \/>1990-ben megjelent \u201cTin\u00e9dzser l\u00b4amour\u201d- c\u00edm\u00fc lemez\u00e9b\u0151l is j\u00f3val t\u00f6bb, mint 250 ezer darab fogyott.<\/p><p><b>1996 \u2013 1997<\/b><br \/>1996-ban Koppenh\u00e1g\u00e1ban J\u00f3dli dili \u2013 c\u00edm\u00fc dal\u00e1ra remixet k\u00e9sz\u00edt a Hartmann-Langhoff p\u00e1ros, akik<br \/>a MeandMy \u00e9s az Aqua producereik\u00e9nt \u00e9rtek el hatalmas nemzetk\u00f6zi sikert. A dal megjelenik 5 orsz\u00e1gban<br \/>v\u00e1logat\u00e1s lemezeken \/D\u00e9l Afrika, D\u00e1nia, Thaif\u00f6ld, Jap\u00e1n,Braz\u00edlia\/, olyan vil\u00e1gszt\u00e1rok t\u00e1rsas\u00e1g\u00e1ban,<br \/>mint a Spice Girls, Dj. Bobo, Bellini, Erotic stb.Jap\u00e1nban You never know \u2013 c\u00edmmel \u00fajabb dala ker\u00fcl r\u00e1<br \/>a Dance Mania c\u00edm\u00fc v\u00e1logat\u00e1s lemezre.<br \/>A k\u00e9t jap\u00e1n v\u00e1logat\u00e1s \u00f6sszesen k\u00f6zel 600 ezer p\u00e9ld\u00e1nyban kelt el.<\/p><p><b>1998 \u2013 1999<\/b><br \/>1998-t\u00f3l Frufru szerep\u00e9t j\u00e1tsza a Hotel Menthol musicelben a F\u0151v\u00e1rosi Operett sz\u00ednh\u00e1zban.<br \/>Szint\u00e9n ez \u00e9vben Magyarorsz\u00e1g akkor legn\u00e9zettebb Tv csatorn\u00e1j\u00e1n a TV2-n V\u00e1g\u00f3 Istv\u00e1n oldal\u00e1n az<br \/>Azok a sz\u00e9p napok \u2013 c\u00edm\u00fc zen\u00e9s vet\u00e9lked\u0151 m\u0171sor m\u0171sorvezet\u0151je. 1999-es album\u00e1t is a vet\u00e9lked\u0151 dalaib\u00f3l<br \/>v\u00e1logatja \u00f6ssze, \u00e9s a c\u00edme is ugyanez. A lemez szint\u00e9n aranylemez lett.<\/p>\t\t\t\t\t\t<\/div>\n\t\t\t\t<\/div>\n\t\t\t\t\t<\/div>\n\t\t<\/div>\n\t\t\t\t<div class=\"elementor-column elementor-col-50 elementor-inner-column elementor-element elementor-element-58e61d67\" data-id=\"58e61d67\" data-element_type=\"column\">\n\t\t\t<div class=\"elementor-widget-wrap\">\n\t\t\t\t\t\t\t\t\t<\/div>\n\t\t<\/div>\n\t\t\t\t\t\t\t<\/div>\n\t\t<\/section>\n\t\t\t\t\t<\/div>\n\t\t<\/div>\n\t\t\t\t\t\t\t<\/div>\n\t\t<\/section>\n\t\t\t\t<section class=\"elementor-section elementor-top-section elementor-element elementor-element-7620fba elementor-section-boxed elementor-section-height-default elementor-section-height-default\" data-id=\"7620fba\" data-element_type=\"section\">\n\t\t\t\t\t\t<div class=\"elementor-container elementor-column-gap-default\">\n\t\t\t\t\t<div class=\"elementor-column elementor-col-100 elementor-top-column elementor-element elementor-element-79f1c2d\" data-id=\"79f1c2d\" data-element_type=\"column\">\n\t\t\t<div class=\"elementor-widget-wrap\">\n\t\t\t\t\t\t\t\t\t<\/div>\n\t\t<\/div>\n\t\t\t\t\t\t\t<\/div>\n\t\t<\/section>\n\t\t\t\t\t\t\t<\/div>\n\t\t","protected":false},"excerpt":{"rendered":"<p>Biogr\u00e1fia https:\/\/www.youtube.com\/watch?v=AnMa5d-kTyA Napjainkig2000. m\u00e1jus\u00e1ban G\u00f6ncz \u00c1rp\u00e1d K\u00f6zt\u00e1rsas\u00e1gi Eln\u00f6ki Ez\u00fcst \u00c9rmet kapott j\u00f3t\u00e9konys\u00e1gitev\u00e9kenyked\u00e9s\u00e9\u00e9rt.Az\u00f3ta 9 \u00fajabb albuma jelent meg, a legut\u00f3bbi 2019-ben, Bolond ny\u00e1r \u2013 c\u00edmmel. Ez is aranylemez lett!2009-ben megjelent DVD-n a Szerelmes sz\u00edvek c\u00edm\u0171 mozifilm is.2013-ban a Szt\u00e1rban szt\u00e1r c\u00edm\u0171 TV m\u0171sor legjobb n\u0151i el\u0151ad\u00f3ja, 2013-2014-2015-ben Az \u00e9nek iskol\u00e1ja c\u00edm\u0171 igenn\u00e9pszer\u0171 TV m\u0171sor \u00e1lland\u00f3 szerepl\u0151je, [&hellip;]<\/p>\n","protected":false},"author":1,"featured_media":0,"parent":0,"menu_order":0,"comment_status":"closed","ping_status":"closed","template":"elementor_header_footer","meta":{"footnotes":""},"yoast_head":"<!-- This site is optimized with the Yoast SEO plugin v21.8 - https:\/\/yoast.com\/wordpress\/plugins\/seo\/ -->\n<title>Szandi biogr\u00e1fia<\/title>\n<meta name=\"robots\" content=\"index, follow, max-snippet:-1, max-image-preview:large, max-video-preview:-1\" \/>\n<link rel=\"canonical\" href=\"https:\/\/szandi.eu\/aktualis\/biografia\/\" \/>\n<meta property=\"og:locale\" content=\"hu_HU\" \/>\n<meta property=\"og:type\" content=\"article\" \/>\n<meta property=\"og:title\" content=\"Szandi biogr\u00e1fia\" \/>\n<meta property=\"og:description\" content=\"Biogr\u00e1fia https:\/\/www.youtube.com\/watch?v=AnMa5d-kTyA Napjainkig2000. m\u00e1jus\u00e1ban G\u00f6ncz \u00c1rp\u00e1d K\u00f6zt\u00e1rsas\u00e1gi Eln\u00f6ki Ez\u00fcst \u00c9rmet kapott j\u00f3t\u00e9konys\u00e1gitev\u00e9kenyked\u00e9s\u00e9\u00e9rt.Az\u00f3ta 9 \u00fajabb albuma jelent meg, a legut\u00f3bbi 2019-ben, Bolond ny\u00e1r \u2013 c\u00edmmel. Ez is aranylemez lett!2009-ben megjelent DVD-n a Szerelmes sz\u00edvek c\u00edm\u0171 mozifilm is.2013-ban a Szt\u00e1rban szt\u00e1r c\u00edm\u0171 TV m\u0171sor legjobb n\u0151i el\u0151ad\u00f3ja, 2013-2014-2015-ben Az \u00e9nek iskol\u00e1ja c\u00edm\u0171 igenn\u00e9pszer\u0171 TV m\u0171sor \u00e1lland\u00f3 szerepl\u0151je, [&hellip;]\" \/>\n<meta property=\"og:url\" content=\"https:\/\/szandi.eu\/aktualis\/biografia\/\" \/>\n<meta property=\"og:site_name\" content=\"Szandi\" \/>\n<meta property=\"article:modified_time\" content=\"2024-01-19T15:56:17+00:00\" \/>\n<meta property=\"og:image\" content=\"https:\/\/szandi.eu\/aktualis\/wp-content\/uploads\/2019\/04\/szandi_nap.jpg\" \/>\n\t<meta property=\"og:image:width\" content=\"800\" \/>\n\t<meta property=\"og:image:height\" content=\"534\" \/>\n\t<meta property=\"og:image:type\" content=\"image\/jpeg\" \/>\n<meta name=\"twitter:card\" content=\"summary_large_image\" \/>\n<meta name=\"twitter:label1\" content=\"Becs\u00fclt olvas\u00e1si id\u0151\" \/>\n\t<meta name=\"twitter:data1\" content=\"3 perc\" \/>\n<script type=\"application\/ld+json\" class=\"yoast-schema-graph\">{\"@context\":\"https:\/\/schema.org\",\"@graph\":[{\"@type\":\"WebPage\",\"@id\":\"https:\/\/szandi.eu\/aktualis\/biografia\/\",\"url\":\"https:\/\/szandi.eu\/aktualis\/biografia\/\",\"name\":\"Szandi biogr\u00e1fia\",\"isPartOf\":{\"@id\":\"https:\/\/szandi.eu\/aktualis\/#website\"},\"datePublished\":\"2019-04-26T09:35:44+00:00\",\"dateModified\":\"2024-01-19T15:56:17+00:00\",\"breadcrumb\":{\"@id\":\"https:\/\/szandi.eu\/aktualis\/biografia\/#breadcrumb\"},\"inLanguage\":\"hu\",\"potentialAction\":[{\"@type\":\"ReadAction\",\"target\":[\"https:\/\/szandi.eu\/aktualis\/biografia\/\"]}]},{\"@type\":\"BreadcrumbList\",\"@id\":\"https:\/\/szandi.eu\/aktualis\/biografia\/#breadcrumb\",\"itemListElement\":[{\"@type\":\"ListItem\",\"position\":1,\"name\":\"Home\",\"item\":\"https:\/\/szandi.eu\/aktualis\/\"},{\"@type\":\"ListItem\",\"position\":2,\"name\":\"Biogr\u00e1fia\"}]},{\"@type\":\"WebSite\",\"@id\":\"https:\/\/szandi.eu\/aktualis\/#website\",\"url\":\"https:\/\/szandi.eu\/aktualis\/\",\"name\":\"Szandi\",\"description\":\"\",\"potentialAction\":[{\"@type\":\"SearchAction\",\"target\":{\"@type\":\"EntryPoint\",\"urlTemplate\":\"https:\/\/szandi.eu\/aktualis\/?s={search_term_string}\"},\"query-input\":\"required name=search_term_string\"}],\"inLanguage\":\"hu\"}]}<\/script>\n<!-- \/ Yoast SEO plugin. -->","yoast_head_json":{"title":"Szandi biogr\u00e1fia","robots":{"index":"index","follow":"follow","max-snippet":"max-snippet:-1","max-image-preview":"max-image-preview:large","max-video-preview":"max-video-preview:-1"},"canonical":"https:\/\/szandi.eu\/aktualis\/biografia\/","og_locale":"hu_HU","og_type":"article","og_title":"Szandi biogr\u00e1fia","og_description":"Biogr\u00e1fia https:\/\/www.youtube.com\/watch?v=AnMa5d-kTyA Napjainkig2000. m\u00e1jus\u00e1ban G\u00f6ncz \u00c1rp\u00e1d K\u00f6zt\u00e1rsas\u00e1gi Eln\u00f6ki Ez\u00fcst \u00c9rmet kapott j\u00f3t\u00e9konys\u00e1gitev\u00e9kenyked\u00e9s\u00e9\u00e9rt.Az\u00f3ta 9 \u00fajabb albuma jelent meg, a legut\u00f3bbi 2019-ben, Bolond ny\u00e1r \u2013 c\u00edmmel. Ez is aranylemez lett!2009-ben megjelent DVD-n a Szerelmes sz\u00edvek c\u00edm\u0171 mozifilm is.2013-ban a Szt\u00e1rban szt\u00e1r c\u00edm\u0171 TV m\u0171sor legjobb n\u0151i el\u0151ad\u00f3ja, 2013-2014-2015-ben Az \u00e9nek iskol\u00e1ja c\u00edm\u0171 igenn\u00e9pszer\u0171 TV m\u0171sor \u00e1lland\u00f3 szerepl\u0151je, [&hellip;]","og_url":"https:\/\/szandi.eu\/aktualis\/biografia\/","og_site_name":"Szandi","article_modified_time":"2024-01-19T15:56:17+00:00","og_image":[{"width":800,"height":534,"url":"https:\/\/szandi.eu\/aktualis\/wp-content\/uploads\/2019\/04\/szandi_nap.jpg","type":"image\/jpeg"}],"twitter_card":"summary_large_image","twitter_misc":{"Becs\u00fclt olvas\u00e1si id\u0151":"3 perc"},"schema":{"@context":"https:\/\/schema.org","@graph":[{"@type":"WebPage","@id":"https:\/\/szandi.eu\/aktualis\/biografia\/","url":"https:\/\/szandi.eu\/aktualis\/biografia\/","name":"Szandi biogr\u00e1fia","isPartOf":{"@id":"https:\/\/szandi.eu\/aktualis\/#website"},"datePublished":"2019-04-26T09:35:44+00:00","dateModified":"2024-01-19T15:56:17+00:00","breadcrumb":{"@id":"https:\/\/szandi.eu\/aktualis\/biografia\/#breadcrumb"},"inLanguage":"hu","potentialAction":[{"@type":"ReadAction","target":["https:\/\/szandi.eu\/aktualis\/biografia\/"]}]},{"@type":"BreadcrumbList","@id":"https:\/\/szandi.eu\/aktualis\/biografia\/#breadcrumb","itemListElement":[{"@type":"ListItem","position":1,"name":"Home","item":"https:\/\/szandi.eu\/aktualis\/"},{"@type":"ListItem","position":2,"name":"Biogr\u00e1fia"}]},{"@type":"WebSite","@id":"https:\/\/szandi.eu\/aktualis\/#website","url":"https:\/\/szandi.eu\/aktualis\/","name":"Szandi","description":"","potentialAction":[{"@type":"SearchAction","target":{"@type":"EntryPoint","urlTemplate":"https:\/\/szandi.eu\/aktualis\/?s={search_term_string}"},"query-input":"required name=search_term_string"}],"inLanguage":"hu"}]}},"_links":{"self":[{"href":"https:\/\/szandi.eu\/aktualis\/wp-json\/wp\/v2\/pages\/296"}],"collection":[{"href":"https:\/\/szandi.eu\/aktualis\/wp-json\/wp\/v2\/pages"}],"about":[{"href":"https:\/\/szandi.eu\/aktualis\/wp-json\/wp\/v2\/types\/page"}],"author":[{"embeddable":true,"href":"https:\/\/szandi.eu\/aktualis\/wp-json\/wp\/v2\/users\/1"}],"replies":[{"embeddable":true,"href":"https:\/\/szandi.eu\/aktualis\/wp-json\/wp\/v2\/comments?post=296"}],"version-history":[{"count":38,"href":"https:\/\/szandi.eu\/aktualis\/wp-json\/wp\/v2\/pages\/296\/revisions"}],"predecessor-version":[{"id":2535,"href":"https:\/\/szandi.eu\/aktualis\/wp-json\/wp\/v2\/pages\/296\/revisions\/2535"}],"wp:attachment":[{"href":"https:\/\/szandi.eu\/aktualis\/wp-json\/wp\/v2\/media?parent=296"}],"curies":[{"name":"wp","href":"https:\/\/api.w.org\/{rel}","templated":true}]}}